{"id":2664,"date":"2022-06-29T04:05:13","date_gmt":"2022-06-29T04:05:13","guid":{"rendered":"https:\/\/archilaabogados.com\/?page_id=2664"},"modified":"2023-11-25T14:29:17","modified_gmt":"2023-11-25T14:29:17","slug":"propiedad-intelectual","status":"publish","type":"page","link":"https:\/\/archilaabogados.com\/en\/propiedad-intelectual\/","title":{"rendered":"Propiedad intelectual"},"content":{"rendered":"<div data-elementor-type=\"wp-page\" data-elementor-id=\"2664\" class=\"elementor elementor-2664\" data-elementor-post-type=\"page\">\n\t\t\t\t\t\t<section class=\"elementor-section elementor-top-section elementor-element elementor-element-4e07ff0 elementor-section-boxed elementor-section-height-default elementor-section-height-default\" data-id=\"4e07ff0\" data-element_type=\"section\" data-e-type=\"section\" data-settings=\"{&quot;background_background&quot;:&quot;gradient&quot;}\">\n\t\t\t\t\t\t\t<div class=\"elementor-background-overlay\"><\/div>\n\t\t\t\t\t\t\t<div class=\"elementor-container elementor-column-gap-default\">\n\t\t\t\t\t<div class=\"elementor-column elementor-col-100 elementor-top-column elementor-element elementor-element-f461438\" data-id=\"f461438\" data-element_type=\"column\" data-e-type=\"column\" data-settings=\"{&quot;background_background&quot;:&quot;classic&quot;}\">\n\t\t\t<div class=\"elementor-widget-wrap elementor-element-populated\">\n\t\t\t\t\t\t<div class=\"elementor-element elementor-element-c7ad20f elementor--h-position-center elementor--v-position-middle elementor-widget elementor-widget-slides\" data-id=\"c7ad20f\" data-element_type=\"widget\" data-e-type=\"widget\" data-settings=\"{&quot;navigation&quot;:&quot;none&quot;,&quot;transition&quot;:&quot;slide&quot;,&quot;transition_speed&quot;:500}\" data-widget_type=\"slides.default\">\n\t\t\t\t<div class=\"elementor-widget-container\">\n\t\t\t\t\t\t\t<div class=\"elementor-swiper\">\n\t\t\t<div class=\"elementor-slides-wrapper elementor-main-swiper swiper-container\" dir=\"ltr\" data-animation=\"\">\n\t\t\t\t<div class=\"swiper-wrapper elementor-slides\">\n\t\t\t\t\t\t\t\t\t\t<div class=\"elementor-repeater-item-17db268 swiper-slide\"><div class=\"swiper-slide-bg\" role=\"img\"><\/div><div class=\"swiper-slide-inner\" ><div class=\"swiper-slide-contents\"><div class=\"elementor-slide-heading\">Propiedad intelectual<\/div><\/div><\/div><\/div>\t\t\t\t<\/div>\n\t\t\t\t\t\t\t<\/div>\n\t\t<\/div>\n\t\t\t\t\t\t<\/div>\n\t\t\t\t<\/div>\n\t\t\t\t\t<\/div>\n\t\t<\/div>\n\t\t\t\t\t<\/div>\n\t\t<\/section>\n\t\t\t\t<section class=\"elementor-section elementor-top-section elementor-element elementor-element-16a0495 elementor-section-content-middle elementor-section-boxed elementor-section-height-default elementor-section-height-default\" data-id=\"16a0495\" data-element_type=\"section\" data-e-type=\"section\" data-settings=\"{&quot;background_background&quot;:&quot;classic&quot;}\">\n\t\t\t\t\t\t<div class=\"elementor-container elementor-column-gap-no\">\n\t\t\t\t\t<div class=\"elementor-column elementor-col-100 elementor-top-column elementor-element elementor-element-46a7ba38\" data-id=\"46a7ba38\" data-element_type=\"column\" data-e-type=\"column\">\n\t\t\t<div class=\"elementor-widget-wrap elementor-element-populated\">\n\t\t\t\t\t\t<div class=\"elementor-element elementor-element-320f26d elementor-widget elementor-widget-text-editor\" data-id=\"320f26d\" data-element_type=\"widget\" data-e-type=\"widget\" data-widget_type=\"text-editor.default\">\n\t\t\t\t<div class=\"elementor-widget-container\">\n\t\t\t\t\t\t\t\t\t<p><strong>Prestamos nuestros servicios de asesor\u00eda y representaci\u00f3n jur\u00eddica en:<\/strong><\/p><p>\u2022 Elaboraci\u00f3n de conceptos<br \/>\u2022 Tr\u00e1mite de registro y dep\u00f3sito<br \/>\u2022 Protecci\u00f3n de patentes y signos distintivos<br \/>\u2022 Estructuraci\u00f3n de marcas propias<br \/>\u2022 B\u00fasqueda de antecedentes marcarios<br \/>\u2022 Presentaci\u00f3n y tr\u00e1mite de registro de marcas<br \/>\u2022 Registro de obras protegidas por el r\u00e9gimen de Derecho de Autor ante la DNDA<br \/>\u2022 Elaboraci\u00f3n y revisi\u00f3n de acuerdos, contratos y\/o licencias en<\/p>\t\t\t\t\t\t\t\t<\/div>\n\t\t\t\t<\/div>\n\t\t\t\t<div class=\"elementor-element elementor-element-a1995c8 elementor-widget elementor-widget-spacer\" data-id=\"a1995c8\" data-element_type=\"widget\" data-e-type=\"widget\" data-widget_type=\"spacer.default\">\n\t\t\t\t<div class=\"elementor-widget-container\">\n\t\t\t\t\t\t\t<div class=\"elementor-spacer\">\n\t\t\t<div class=\"elementor-spacer-inner\"><\/div>\n\t\t<\/div>\n\t\t\t\t\t\t<\/div>\n\t\t\t\t<\/div>\n\t\t\t\t<div class=\"elementor-element elementor-element-bc37526 elementor-align-left elementor-widget elementor-widget-button\" data-id=\"bc37526\" data-element_type=\"widget\" data-e-type=\"widget\" data-widget_type=\"button.default\">\n\t\t\t\t<div class=\"elementor-widget-container\">\n\t\t\t\t\t\t\t\t\t<div class=\"elementor-button-wrapper\">\n\t\t\t\t\t<a class=\"elementor-button elementor-button-link elementor-size-md\" href=\"https:\/\/archilaabogados.com\/en\/servicios\/\">\n\t\t\t\t\t\t<span class=\"elementor-button-content-wrapper\">\n\t\t\t\t\t\t<span class=\"elementor-button-icon\">\n\t\t\t\t<i aria-hidden=\"true\" class=\"far fa-arrow-alt-circle-right\"><\/i>\t\t\t<\/span>\n\t\t\t\t\t\t\t\t\t<span class=\"elementor-button-text\">VOLVER A SERVICIOS OFRECIDOS<\/span>\n\t\t\t\t\t<\/span>\n\t\t\t\t\t<\/a>\n\t\t\t\t<\/div>\n\t\t\t\t\t\t\t\t<\/div>\n\t\t\t\t<\/div>\n\t\t\t\t\t<\/div>\n\t\t<\/div>\n\t\t\t\t\t<\/div>\n\t\t<\/section>\n\t\t\t\t<\/div>","protected":false},"excerpt":{"rendered":"<p>Propiedad intelectual Prestamos nuestros servicios de asesor\u00eda y representaci\u00f3n jur\u00eddica en: \u2022 Elaboraci\u00f3n de conceptos\u2022 Tr\u00e1mite de registro y dep\u00f3sito\u2022 Protecci\u00f3n de patentes y signos distintivos\u2022 Estructuraci\u00f3n de marcas propias\u2022 B\u00fasqueda de antecedentes marcarios\u2022 Presentaci\u00f3n y tr\u00e1mite de registro de marcas\u2022 Registro de obras protegidas por el r\u00e9gimen de Derecho de Autor ante la DNDA\u2022&#8230;<\/p>","protected":false},"author":1,"featured_media":0,"parent":0,"menu_order":0,"comment_status":"closed","ping_status":"closed","template":"","meta":{"_kad_post_transparent":"","_kad_post_title":"hide","_kad_post_layout":"fullwidth","_kad_post_sidebar_id":"","_kad_post_content_style":"unboxed","_kad_post_vertical_padding":"hide","_kad_post_feature":"hide","_kad_post_feature_position":"","_kad_post_header":false,"_kad_post_footer":false,"footnotes":""},"class_list":["post-2664","page","type-page","status-publish","hentry"],"yoast_head":"<!-- This site is optimized with the Yoast SEO plugin v27.4 - https:\/\/yoast.com\/product\/yoast-seo-wordpress\/ -->\n<title>Propiedad intelectual - Archila Abogados<\/title>\n<meta name=\"robots\" content=\"index, follow, max-snippet:-1, max-image-preview:large, max-video-preview:-1\" \/>\n<link rel=\"canonical\" href=\"https:\/\/archilaabogados.com\/en\/propiedad-intelectual\/\" \/>\n<meta property=\"og:locale\" content=\"en_US\" \/>\n<meta property=\"og:type\" content=\"article\" \/>\n<meta property=\"og:title\" content=\"Propiedad intelectual - Archila Abogados\" \/>\n<meta property=\"og:description\" content=\"Propiedad intelectual Prestamos nuestros servicios de asesor\u00eda y representaci\u00f3n jur\u00eddica en: \u2022 Elaboraci\u00f3n de conceptos\u2022 Tr\u00e1mite de registro y dep\u00f3sito\u2022 Protecci\u00f3n de patentes y signos distintivos\u2022 Estructuraci\u00f3n de marcas propias\u2022 B\u00fasqueda de antecedentes marcarios\u2022 Presentaci\u00f3n y tr\u00e1mite de registro de marcas\u2022 Registro de obras protegidas por el r\u00e9gimen de Derecho de Autor ante la DNDA\u2022...\" \/>\n<meta property=\"og:url\" content=\"https:\/\/archilaabogados.com\/en\/propiedad-intelectual\/\" \/>\n<meta property=\"og:site_name\" content=\"Archila Abogados\" \/>\n<meta property=\"article:modified_time\" content=\"2023-11-25T14:29:17+00:00\" \/>\n<meta name=\"twitter:card\" content=\"summary_large_image\" \/>\n<meta name=\"twitter:label1\" content=\"Est. reading time\" \/>\n\t<meta name=\"twitter:data1\" content=\"1 minute\" \/>\n<script type=\"application\/ld+json\" class=\"yoast-schema-graph\">{\"@context\":\"https:\\\/\\\/schema.org\",\"@graph\":[{\"@type\":\"WebPage\",\"@id\":\"https:\\\/\\\/archilaabogados.com\\\/propiedad-intelectual\\\/\",\"url\":\"https:\\\/\\\/archilaabogados.com\\\/propiedad-intelectual\\\/\",\"name\":\"Propiedad intelectual - Archila Abogados\",\"isPartOf\":{\"@id\":\"https:\\\/\\\/archilaabogados.com\\\/#website\"},\"datePublished\":\"2022-06-29T04:05:13+00:00\",\"dateModified\":\"2023-11-25T14:29:17+00:00\",\"breadcrumb\":{\"@id\":\"https:\\\/\\\/archilaabogados.com\\\/propiedad-intelectual\\\/#breadcrumb\"},\"inLanguage\":\"en-US\",\"potentialAction\":[{\"@type\":\"ReadAction\",\"target\":[\"https:\\\/\\\/archilaabogados.com\\\/propiedad-intelectual\\\/\"]}]},{\"@type\":\"BreadcrumbList\",\"@id\":\"https:\\\/\\\/archilaabogados.com\\\/propiedad-intelectual\\\/#breadcrumb\",\"itemListElement\":[{\"@type\":\"ListItem\",\"position\":1,\"name\":\"Home\",\"item\":\"https:\\\/\\\/archilaabogados.com\\\/\"},{\"@type\":\"ListItem\",\"position\":2,\"name\":\"Propiedad intelectual\"}]},{\"@type\":\"WebSite\",\"@id\":\"https:\\\/\\\/archilaabogados.com\\\/#website\",\"url\":\"https:\\\/\\\/archilaabogados.com\\\/\",\"name\":\"Archila Abogados\",\"description\":\"Servicios legales\",\"potentialAction\":[{\"@type\":\"SearchAction\",\"target\":{\"@type\":\"EntryPoint\",\"urlTemplate\":\"https:\\\/\\\/archilaabogados.com\\\/?s={search_term_string}\"},\"query-input\":{\"@type\":\"PropertyValueSpecification\",\"valueRequired\":true,\"valueName\":\"search_term_string\"}}],\"inLanguage\":\"en-US\"}]}<\/script>\n<!-- \/ Yoast SEO plugin. -->","yoast_head_json":{"title":"Propiedad intelectual - Archila Abogados","robots":{"index":"index","follow":"follow","max-snippet":"max-snippet:-1","max-image-preview":"max-image-preview:large","max-video-preview":"max-video-preview:-1"},"canonical":"https:\/\/archilaabogados.com\/en\/propiedad-intelectual\/","og_locale":"en_US","og_type":"article","og_title":"Propiedad intelectual - Archila Abogados","og_description":"Propiedad intelectual Prestamos nuestros servicios de asesor\u00eda y representaci\u00f3n jur\u00eddica en: \u2022 Elaboraci\u00f3n de conceptos\u2022 Tr\u00e1mite de registro y dep\u00f3sito\u2022 Protecci\u00f3n de patentes y signos distintivos\u2022 Estructuraci\u00f3n de marcas propias\u2022 B\u00fasqueda de antecedentes marcarios\u2022 Presentaci\u00f3n y tr\u00e1mite de registro de marcas\u2022 Registro de obras protegidas por el r\u00e9gimen de Derecho de Autor ante la DNDA\u2022...","og_url":"https:\/\/archilaabogados.com\/en\/propiedad-intelectual\/","og_site_name":"Archila Abogados","article_modified_time":"2023-11-25T14:29:17+00:00","twitter_card":"summary_large_image","twitter_misc":{"Est. reading time":"1 minute"},"schema":{"@context":"https:\/\/schema.org","@graph":[{"@type":"WebPage","@id":"https:\/\/archilaabogados.com\/propiedad-intelectual\/","url":"https:\/\/archilaabogados.com\/propiedad-intelectual\/","name":"Propiedad intelectual - Archila Abogados","isPartOf":{"@id":"https:\/\/archilaabogados.com\/#website"},"datePublished":"2022-06-29T04:05:13+00:00","dateModified":"2023-11-25T14:29:17+00:00","breadcrumb":{"@id":"https:\/\/archilaabogados.com\/propiedad-intelectual\/#breadcrumb"},"inLanguage":"en-US","potentialAction":[{"@type":"ReadAction","target":["https:\/\/archilaabogados.com\/propiedad-intelectual\/"]}]},{"@type":"BreadcrumbList","@id":"https:\/\/archilaabogados.com\/propiedad-intelectual\/#breadcrumb","itemListElement":[{"@type":"ListItem","position":1,"name":"Home","item":"https:\/\/archilaabogados.com\/"},{"@type":"ListItem","position":2,"name":"Propiedad intelectual"}]},{"@type":"WebSite","@id":"https:\/\/archilaabogados.com\/#website","url":"https:\/\/archilaabogados.com\/","name":"Archila Abogados","description":"Servicios legales","potentialAction":[{"@type":"SearchAction","target":{"@type":"EntryPoint","urlTemplate":"https:\/\/archilaabogados.com\/?s={search_term_string}"},"query-input":{"@type":"PropertyValueSpecification","valueRequired":true,"valueName":"search_term_string"}}],"inLanguage":"en-US"}]}},"_links":{"self":[{"href":"https:\/\/archilaabogados.com\/en\/wp-json\/wp\/v2\/pages\/2664","targetHints":{"allow":["GET"]}}],"collection":[{"href":"https:\/\/archilaabogados.com\/en\/wp-json\/wp\/v2\/pages"}],"about":[{"href":"https:\/\/archilaabogados.com\/en\/wp-json\/wp\/v2\/types\/page"}],"author":[{"embeddable":true,"href":"https:\/\/archilaabogados.com\/en\/wp-json\/wp\/v2\/users\/1"}],"replies":[{"embeddable":true,"href":"https:\/\/archilaabogados.com\/en\/wp-json\/wp\/v2\/comments?post=2664"}],"version-history":[{"count":5,"href":"https:\/\/archilaabogados.com\/en\/wp-json\/wp\/v2\/pages\/2664\/revisions"}],"predecessor-version":[{"id":4154,"href":"https:\/\/archilaabogados.com\/en\/wp-json\/wp\/v2\/pages\/2664\/revisions\/4154"}],"wp:attachment":[{"href":"https:\/\/archilaabogados.com\/en\/wp-json\/wp\/v2\/media?parent=2664"}],"curies":[{"name":"wp","href":"https:\/\/api.w.org\/{rel}","templated":true}]}}