{"id":2795,"date":"2022-06-29T05:19:44","date_gmt":"2022-06-29T05:19:44","guid":{"rendered":"https:\/\/archilaabogados.com\/?page_id=2795"},"modified":"2022-07-27T16:31:19","modified_gmt":"2022-07-27T16:31:19","slug":"jessica-solano-pineda","status":"publish","type":"page","link":"https:\/\/archilaabogados.com\/en\/jessica-solano-pineda\/","title":{"rendered":"Jessica Solano Pineda"},"content":{"rendered":"<div data-elementor-type=\"wp-page\" data-elementor-id=\"2795\" class=\"elementor elementor-2795\" data-elementor-post-type=\"page\">\n\t\t\t\t\t\t<section class=\"elementor-section elementor-top-section elementor-element elementor-element-8cf98f8 elementor-section-full_width elementor-hidden-mobile elementor-hidden-tablet elementor-section-height-default elementor-section-height-default\" data-id=\"8cf98f8\" data-element_type=\"section\" data-e-type=\"section\" data-settings=\"{&quot;background_background&quot;:&quot;classic&quot;}\">\n\t\t\t\t\t\t\t<div class=\"elementor-background-overlay\"><\/div>\n\t\t\t\t\t\t\t<div class=\"elementor-container elementor-column-gap-default\">\n\t\t\t\t\t<div class=\"elementor-column elementor-col-33 elementor-top-column elementor-element elementor-element-da65e76\" data-id=\"da65e76\" data-element_type=\"column\" data-e-type=\"column\">\n\t\t\t<div class=\"elementor-widget-wrap\">\n\t\t\t\t\t\t\t<\/div>\n\t\t<\/div>\n\t\t\t\t<div class=\"elementor-column elementor-col-33 elementor-top-column elementor-element elementor-element-08c3557\" data-id=\"08c3557\" data-element_type=\"column\" data-e-type=\"column\">\n\t\t\t<div class=\"elementor-widget-wrap elementor-element-populated\">\n\t\t\t\t\t\t<div class=\"elementor-element elementor-element-f14cd3d elementor-widget elementor-widget-heading\" data-id=\"f14cd3d\" data-element_type=\"widget\" data-e-type=\"widget\" data-widget_type=\"heading.default\">\n\t\t\t\t<div class=\"elementor-widget-container\">\n\t\t\t\t\t<h1 class=\"elementor-heading-title elementor-size-default\">Jessica Solano Pineda<\/h1>\t\t\t\t<\/div>\n\t\t\t\t<\/div>\n\t\t\t\t\t<\/div>\n\t\t<\/div>\n\t\t\t\t<div class=\"elementor-column elementor-col-33 elementor-top-column elementor-element elementor-element-bbd82e7\" data-id=\"bbd82e7\" data-element_type=\"column\" data-e-type=\"column\">\n\t\t\t<div class=\"elementor-widget-wrap\">\n\t\t\t\t\t\t\t<\/div>\n\t\t<\/div>\n\t\t\t\t\t<\/div>\n\t\t<\/section>\n\t\t\t\t<section class=\"elementor-section elementor-top-section elementor-element elementor-element-8f34eee elementor-hidden-tablet elementor-hidden-mobile elementor-section-boxed elementor-section-height-default elementor-section-height-default\" data-id=\"8f34eee\" data-element_type=\"section\" data-e-type=\"section\" data-settings=\"{&quot;background_background&quot;:&quot;classic&quot;}\">\n\t\t\t\t\t\t\t<div class=\"elementor-background-overlay\"><\/div>\n\t\t\t\t\t\t\t<div class=\"elementor-container elementor-column-gap-default\">\n\t\t\t\t\t<div class=\"elementor-column elementor-col-100 elementor-top-column elementor-element elementor-element-e933dd3\" data-id=\"e933dd3\" data-element_type=\"column\" data-e-type=\"column\">\n\t\t\t<div class=\"elementor-widget-wrap elementor-element-populated\">\n\t\t\t\t\t\t<div class=\"elementor-element elementor-element-005dba1 elementor-tabs-alignment-center elementor-tabs-view-horizontal elementor-widget elementor-widget-tabs\" data-id=\"005dba1\" data-element_type=\"widget\" data-e-type=\"widget\" data-widget_type=\"tabs.default\">\n\t\t\t\t<div class=\"elementor-widget-container\">\n\t\t\t\t\t\t\t<div class=\"elementor-tabs\">\n\t\t\t<div class=\"elementor-tabs-wrapper\" role=\"tablist\" >\n\t\t\t\t\t\t\t\t\t<div id=\"elementor-tab-title-3831\" class=\"elementor-tab-title elementor-tab-desktop-title\" aria-selected=\"true\" data-tab=\"1\" role=\"tab\" tabindex=\"0\" aria-controls=\"elementor-tab-content-3831\" aria-expanded=\"false\">EDUCACI\u00d3N<\/div>\n\t\t\t\t\t\t\t\t\t<div id=\"elementor-tab-title-3832\" class=\"elementor-tab-title elementor-tab-desktop-title\" aria-selected=\"false\" data-tab=\"2\" role=\"tab\" tabindex=\"-1\" aria-controls=\"elementor-tab-content-3832\" aria-expanded=\"false\">EXPERIENCIA<\/div>\n\t\t\t\t\t\t\t\t\t<div id=\"elementor-tab-title-3833\" class=\"elementor-tab-title elementor-tab-desktop-title\" aria-selected=\"false\" data-tab=\"3\" role=\"tab\" tabindex=\"-1\" aria-controls=\"elementor-tab-content-3833\" aria-expanded=\"false\">CONTACTO<\/div>\n\t\t\t\t\t\t\t<\/div>\n\t\t\t<div class=\"elementor-tabs-content-wrapper\" role=\"tablist\" aria-orientation=\"vertical\">\n\t\t\t\t\t\t\t\t\t<div class=\"elementor-tab-title elementor-tab-mobile-title\" aria-selected=\"true\" data-tab=\"1\" role=\"tab\" tabindex=\"0\" aria-controls=\"elementor-tab-content-3831\" aria-expanded=\"false\">EDUCACI\u00d3N<\/div>\n\t\t\t\t\t<div id=\"elementor-tab-content-3831\" class=\"elementor-tab-content elementor-clearfix\" data-tab=\"1\" role=\"tabpanel\" aria-labelledby=\"elementor-tab-title-3831\" tabindex=\"0\" hidden=\"false\"><ul><li>Abogado \u2013 Universidad de Cartagena<\/li><li>Especializaci\u00f3n \u2013 Derecho P\u00fablico \u2013 Universidad Externado de Colombia<\/li><li>Maestr\u00eda (En curso) en Justicia y Tutela de los Derechos con \u00e9nfasis en Derecho Procesal &#8211; Universidad Externado de Colombia<\/li><\/ul><\/div>\n\t\t\t\t\t\t\t\t\t<div class=\"elementor-tab-title elementor-tab-mobile-title\" aria-selected=\"false\" data-tab=\"2\" role=\"tab\" tabindex=\"-1\" aria-controls=\"elementor-tab-content-3832\" aria-expanded=\"false\">EXPERIENCIA<\/div>\n\t\t\t\t\t<div id=\"elementor-tab-content-3832\" class=\"elementor-tab-content elementor-clearfix\" data-tab=\"2\" role=\"tabpanel\" aria-labelledby=\"elementor-tab-title-3832\" tabindex=\"0\" hidden=\"hidden\"><ul><li>Banco Falabella S.A. \u2013 Abogada senior \u00e1rea de PQR\u2019s jur\u00eddicos<\/li><li>Ustariz &amp; Abogados- Abogada semi-senior del \u00e1rea de litigios y resoluci\u00f3n de controversias<\/li><li>Agencia Nacional de Tierras- Abogada de la Direcci\u00f3n de Gesti\u00f3n Jur\u00eddica de Tierras<\/li><li>C.I Vanoil S.A. Holding \u2013 Asesora jur\u00eddica<\/li><li>Caja de Compensaci\u00f3n Familiar de Cartagena (Comfamiliar)\u2013 Asistente jur\u00eddica<\/li><li>Hincapie &amp; Molina consultores S.A.S. \u2013 Asistente jur\u00eddica<\/li><li>Tribunal Administrativo de Bol\u00edvar (Sala administrativa) \u2013 Auxiliar judicial<\/li><\/ul><\/div>\n\t\t\t\t\t\t\t\t\t<div class=\"elementor-tab-title elementor-tab-mobile-title\" aria-selected=\"false\" data-tab=\"3\" role=\"tab\" tabindex=\"-1\" aria-controls=\"elementor-tab-content-3833\" aria-expanded=\"false\">CONTACTO<\/div>\n\t\t\t\t\t<div id=\"elementor-tab-content-3833\" class=\"elementor-tab-content elementor-clearfix\" data-tab=\"3\" role=\"tabpanel\" aria-labelledby=\"elementor-tab-title-3833\" tabindex=\"0\" hidden=\"hidden\"><p><a href=\"mailto:jsolano@archilaabogados.com\">jsolano@archilaabogados.com<\/a><br \/>+57 (320) 616-7377<br \/><span style=\"text-decoration: underline;\"><a href=\"https:\/\/twitter.com\/jessicasolanop_\">Siguela en Twitter @JessicaSolanoP_<\/a><\/span><\/p><\/div>\n\t\t\t\t\t\t\t<\/div>\n\t\t<\/div>\n\t\t\t\t\t\t<\/div>\n\t\t\t\t<\/div>\n\t\t\t\t\t<\/div>\n\t\t<\/div>\n\t\t\t\t\t<\/div>\n\t\t<\/section>\n\t\t\t\t<section class=\"elementor-section elementor-top-section elementor-element elementor-element-9541e9b elementor-section-full_width elementor-hidden-desktop elementor-hidden-tablet elementor-section-height-default elementor-section-height-default\" data-id=\"9541e9b\" data-element_type=\"section\" data-e-type=\"section\" data-settings=\"{&quot;background_background&quot;:&quot;classic&quot;}\">\n\t\t\t\t\t\t\t<div class=\"elementor-background-overlay\"><\/div>\n\t\t\t\t\t\t\t<div class=\"elementor-container elementor-column-gap-no\">\n\t\t\t\t\t<div class=\"elementor-column elementor-col-100 elementor-top-column elementor-element elementor-element-5ec21cd\" data-id=\"5ec21cd\" data-element_type=\"column\" data-e-type=\"column\">\n\t\t\t<div class=\"elementor-widget-wrap elementor-element-populated\">\n\t\t\t\t\t\t<div class=\"elementor-element elementor-element-b420b5b elementor-widget elementor-widget-image\" data-id=\"b420b5b\" data-element_type=\"widget\" data-e-type=\"widget\" data-widget_type=\"image.default\">\n\t\t\t\t<div class=\"elementor-widget-container\">\n\t\t\t\t\t\t\t\t\t\t\t\t\t\t\t<img fetchpriority=\"high\" decoding=\"async\" width=\"900\" height=\"360\" src=\"https:\/\/archilaabogados.com\/wp-content\/uploads\/2022\/07\/Jessica-1024x410.jpg\" class=\"attachment-large size-large wp-image-3601\" alt=\"\" srcset=\"https:\/\/archilaabogados.com\/wp-content\/uploads\/2022\/07\/Jessica-1024x410.jpg 1024w, https:\/\/archilaabogados.com\/wp-content\/uploads\/2022\/07\/Jessica-300x120.jpg 300w, https:\/\/archilaabogados.com\/wp-content\/uploads\/2022\/07\/Jessica-768x307.jpg 768w, https:\/\/archilaabogados.com\/wp-content\/uploads\/2022\/07\/Jessica-18x7.jpg 18w, https:\/\/archilaabogados.com\/wp-content\/uploads\/2022\/07\/Jessica.jpg 1280w\" sizes=\"(max-width: 900px) 100vw, 900px\" \/>\t\t\t\t\t\t\t\t\t\t\t\t\t\t\t<\/div>\n\t\t\t\t<\/div>\n\t\t\t\t<div class=\"elementor-element elementor-element-9e19f9a elementor-widget elementor-widget-heading\" data-id=\"9e19f9a\" data-element_type=\"widget\" data-e-type=\"widget\" data-widget_type=\"heading.default\">\n\t\t\t\t<div class=\"elementor-widget-container\">\n\t\t\t\t\t<h2 class=\"elementor-heading-title elementor-size-default\">Jessica Solano Pineda<\/h2>\t\t\t\t<\/div>\n\t\t\t\t<\/div>\n\t\t\t\t\t<\/div>\n\t\t<\/div>\n\t\t\t\t\t<\/div>\n\t\t<\/section>\n\t\t\t\t<section class=\"elementor-section elementor-top-section elementor-element elementor-element-74c1776 elementor-hidden-desktop elementor-section-boxed elementor-section-height-default elementor-section-height-default\" data-id=\"74c1776\" data-element_type=\"section\" data-e-type=\"section\" data-settings=\"{&quot;background_background&quot;:&quot;classic&quot;}\">\n\t\t\t\t\t\t\t<div class=\"elementor-background-overlay\"><\/div>\n\t\t\t\t\t\t\t<div class=\"elementor-container elementor-column-gap-default\">\n\t\t\t\t\t<div class=\"elementor-column elementor-col-100 elementor-top-column elementor-element elementor-element-4d15674\" data-id=\"4d15674\" data-element_type=\"column\" data-e-type=\"column\">\n\t\t\t<div class=\"elementor-widget-wrap elementor-element-populated\">\n\t\t\t\t\t\t<div class=\"elementor-element elementor-element-8b5ad76 elementor-tabs-alignment-center elementor-tabs-view-horizontal elementor-widget elementor-widget-tabs\" data-id=\"8b5ad76\" data-element_type=\"widget\" data-e-type=\"widget\" data-widget_type=\"tabs.default\">\n\t\t\t\t<div class=\"elementor-widget-container\">\n\t\t\t\t\t\t\t<div class=\"elementor-tabs\">\n\t\t\t<div class=\"elementor-tabs-wrapper\" role=\"tablist\" >\n\t\t\t\t\t\t\t\t\t<div id=\"elementor-tab-title-1461\" class=\"elementor-tab-title elementor-tab-desktop-title\" aria-selected=\"true\" data-tab=\"1\" role=\"tab\" tabindex=\"0\" aria-controls=\"elementor-tab-content-1461\" aria-expanded=\"false\">EDUCACI\u00d3N<\/div>\n\t\t\t\t\t\t\t\t\t<div id=\"elementor-tab-title-1462\" class=\"elementor-tab-title elementor-tab-desktop-title\" aria-selected=\"false\" data-tab=\"2\" role=\"tab\" tabindex=\"-1\" aria-controls=\"elementor-tab-content-1462\" aria-expanded=\"false\">EXPERIENCIA<\/div>\n\t\t\t\t\t\t\t\t\t<div id=\"elementor-tab-title-1463\" class=\"elementor-tab-title elementor-tab-desktop-title\" aria-selected=\"false\" data-tab=\"3\" role=\"tab\" tabindex=\"-1\" aria-controls=\"elementor-tab-content-1463\" aria-expanded=\"false\">CONTACTO<\/div>\n\t\t\t\t\t\t\t<\/div>\n\t\t\t<div class=\"elementor-tabs-content-wrapper\" role=\"tablist\" aria-orientation=\"vertical\">\n\t\t\t\t\t\t\t\t\t<div class=\"elementor-tab-title elementor-tab-mobile-title\" aria-selected=\"true\" data-tab=\"1\" role=\"tab\" tabindex=\"0\" aria-controls=\"elementor-tab-content-1461\" aria-expanded=\"false\">EDUCACI\u00d3N<\/div>\n\t\t\t\t\t<div id=\"elementor-tab-content-1461\" class=\"elementor-tab-content elementor-clearfix\" data-tab=\"1\" role=\"tabpanel\" aria-labelledby=\"elementor-tab-title-1461\" tabindex=\"0\" hidden=\"false\"><ul><li>Abogado \u2013 Universidad de Cartagena<\/li><li>Especializaci\u00f3n \u2013 Derecho P\u00fablico \u2013 Universidad Externado de Colombia<\/li><li>Maestr\u00eda (En curso) en Justicia y Tutela de los Derechos con \u00e9nfasis en Derecho Procesal &#8211; Universidad Externado de Colombia<\/li><\/ul><\/div>\n\t\t\t\t\t\t\t\t\t<div class=\"elementor-tab-title elementor-tab-mobile-title\" aria-selected=\"false\" data-tab=\"2\" role=\"tab\" tabindex=\"-1\" aria-controls=\"elementor-tab-content-1462\" aria-expanded=\"false\">EXPERIENCIA<\/div>\n\t\t\t\t\t<div id=\"elementor-tab-content-1462\" class=\"elementor-tab-content elementor-clearfix\" data-tab=\"2\" role=\"tabpanel\" aria-labelledby=\"elementor-tab-title-1462\" tabindex=\"0\" hidden=\"hidden\"><ul><li>Banco Falabella S.A. \u2013 Abogada senior \u00e1rea de PQR\u2019s jur\u00eddicos<\/li><li>Ustariz &amp; Abogados- Abogada semi-senior del \u00e1rea de litigios y resoluci\u00f3n de controversias<\/li><li>Agencia Nacional de Tierras- Abogada de la Direcci\u00f3n de Gesti\u00f3n Jur\u00eddica de Tierras<\/li><li>C.I Vanoil S.A. Holding \u2013 Asesora jur\u00eddica<\/li><li>Caja de Compensaci\u00f3n Familiar de Cartagena (Comfamiliar)\u2013 Asistente jur\u00eddica<\/li><li>Hincapie &amp; Molina consultores S.A.S. \u2013 Asistente jur\u00eddica<\/li><li>Tribunal Administrativo de Bol\u00edvar (Sala administrativa) \u2013 Auxiliar judicial<\/li><\/ul><\/div>\n\t\t\t\t\t\t\t\t\t<div class=\"elementor-tab-title elementor-tab-mobile-title\" aria-selected=\"false\" data-tab=\"3\" role=\"tab\" tabindex=\"-1\" aria-controls=\"elementor-tab-content-1463\" aria-expanded=\"false\">CONTACTO<\/div>\n\t\t\t\t\t<div id=\"elementor-tab-content-1463\" class=\"elementor-tab-content elementor-clearfix\" data-tab=\"3\" role=\"tabpanel\" aria-labelledby=\"elementor-tab-title-1463\" tabindex=\"0\" hidden=\"hidden\"><p><a href=\"mailto:jsolano@archilaabogados.com\">jsolano@archilaabogados.com<\/a><br \/>+57 (320) 616-7377<br \/><span style=\"text-decoration: underline;\"><a href=\"https:\/\/twitter.com\/jessicasolanop_\">Siguela en Twitter @JessicaSolanoP_<\/a><\/span><\/p><\/div>\n\t\t\t\t\t\t\t<\/div>\n\t\t<\/div>\n\t\t\t\t\t\t<\/div>\n\t\t\t\t<\/div>\n\t\t\t\t\t<\/div>\n\t\t<\/div>\n\t\t\t\t\t<\/div>\n\t\t<\/section>\n\t\t\t\t<\/div>","protected":false},"excerpt":{"rendered":"<p>Jessica Solano Pineda EDUCACI\u00d3N EXPERIENCIA CONTACTO EDUCACI\u00d3N Abogado \u2013 Universidad de Cartagena Especializaci\u00f3n \u2013 Derecho P\u00fablico \u2013 Universidad Externado de Colombia Maestr\u00eda (En curso) en Justicia y Tutela de los Derechos con \u00e9nfasis en Derecho Procesal &#8211; Universidad Externado de Colombia EXPERIENCIA Banco Falabella S.A. \u2013 Abogada senior \u00e1rea de PQR\u2019s jur\u00eddicos Ustariz &amp; Abogados-&#8230;<\/p>","protected":false},"author":1,"featured_media":0,"parent":0,"menu_order":0,"comment_status":"closed","ping_status":"closed","template":"","meta":{"_kad_post_transparent":"","_kad_post_title":"hide","_kad_post_layout":"fullwidth","_kad_post_sidebar_id":"","_kad_post_content_style":"unboxed","_kad_post_vertical_padding":"hide","_kad_post_feature":"hide","_kad_post_feature_position":"","_kad_post_header":false,"_kad_post_footer":false,"footnotes":""},"class_list":["post-2795","page","type-page","status-publish","hentry"],"yoast_head":"<!-- This site is optimized with the Yoast SEO plugin v27.4 - https:\/\/yoast.com\/product\/yoast-seo-wordpress\/ -->\n<title>Jessica Solano Pineda - Archila Abogados<\/title>\n<meta name=\"robots\" content=\"index, follow, max-snippet:-1, max-image-preview:large, max-video-preview:-1\" \/>\n<link rel=\"canonical\" href=\"https:\/\/archilaabogados.com\/en\/jessica-solano-pineda\/\" \/>\n<meta property=\"og:locale\" content=\"en_US\" \/>\n<meta property=\"og:type\" content=\"article\" \/>\n<meta property=\"og:title\" content=\"Jessica Solano Pineda - Archila Abogados\" \/>\n<meta property=\"og:description\" content=\"Jessica Solano Pineda EDUCACI\u00d3N EXPERIENCIA CONTACTO EDUCACI\u00d3N Abogado \u2013 Universidad de Cartagena Especializaci\u00f3n \u2013 Derecho P\u00fablico \u2013 Universidad Externado de Colombia Maestr\u00eda (En curso) en Justicia y Tutela de los Derechos con \u00e9nfasis en Derecho Procesal &#8211; Universidad Externado de Colombia EXPERIENCIA Banco Falabella S.A. \u2013 Abogada senior \u00e1rea de PQR\u2019s jur\u00eddicos Ustariz &amp; Abogados-...\" \/>\n<meta property=\"og:url\" content=\"https:\/\/archilaabogados.com\/en\/jessica-solano-pineda\/\" \/>\n<meta property=\"og:site_name\" content=\"Archila Abogados\" \/>\n<meta property=\"article:modified_time\" content=\"2022-07-27T16:31:19+00:00\" \/>\n<meta property=\"og:image\" content=\"http:\/\/archilaabogados.com\/wp-content\/uploads\/2022\/07\/Jessica-1024x410.jpg\" \/>\n<meta name=\"twitter:card\" content=\"summary_large_image\" \/>\n<meta name=\"twitter:label1\" content=\"Est. reading time\" \/>\n\t<meta name=\"twitter:data1\" content=\"2 minutes\" \/>\n<script type=\"application\/ld+json\" class=\"yoast-schema-graph\">{\"@context\":\"https:\\\/\\\/schema.org\",\"@graph\":[{\"@type\":\"WebPage\",\"@id\":\"https:\\\/\\\/archilaabogados.com\\\/jessica-solano-pineda\\\/\",\"url\":\"https:\\\/\\\/archilaabogados.com\\\/jessica-solano-pineda\\\/\",\"name\":\"Jessica Solano Pineda - Archila Abogados\",\"isPartOf\":{\"@id\":\"https:\\\/\\\/archilaabogados.com\\\/#website\"},\"primaryImageOfPage\":{\"@id\":\"https:\\\/\\\/archilaabogados.com\\\/jessica-solano-pineda\\\/#primaryimage\"},\"image\":{\"@id\":\"https:\\\/\\\/archilaabogados.com\\\/jessica-solano-pineda\\\/#primaryimage\"},\"thumbnailUrl\":\"http:\\\/\\\/archilaabogados.com\\\/wp-content\\\/uploads\\\/2022\\\/07\\\/Jessica-1024x410.jpg\",\"datePublished\":\"2022-06-29T05:19:44+00:00\",\"dateModified\":\"2022-07-27T16:31:19+00:00\",\"breadcrumb\":{\"@id\":\"https:\\\/\\\/archilaabogados.com\\\/jessica-solano-pineda\\\/#breadcrumb\"},\"inLanguage\":\"en-US\",\"potentialAction\":[{\"@type\":\"ReadAction\",\"target\":[\"https:\\\/\\\/archilaabogados.com\\\/jessica-solano-pineda\\\/\"]}]},{\"@type\":\"ImageObject\",\"inLanguage\":\"en-US\",\"@id\":\"https:\\\/\\\/archilaabogados.com\\\/jessica-solano-pineda\\\/#primaryimage\",\"url\":\"http:\\\/\\\/archilaabogados.com\\\/wp-content\\\/uploads\\\/2022\\\/07\\\/Jessica-1024x410.jpg\",\"contentUrl\":\"http:\\\/\\\/archilaabogados.com\\\/wp-content\\\/uploads\\\/2022\\\/07\\\/Jessica-1024x410.jpg\"},{\"@type\":\"BreadcrumbList\",\"@id\":\"https:\\\/\\\/archilaabogados.com\\\/jessica-solano-pineda\\\/#breadcrumb\",\"itemListElement\":[{\"@type\":\"ListItem\",\"position\":1,\"name\":\"Home\",\"item\":\"https:\\\/\\\/archilaabogados.com\\\/\"},{\"@type\":\"ListItem\",\"position\":2,\"name\":\"Jessica Solano Pineda\"}]},{\"@type\":\"WebSite\",\"@id\":\"https:\\\/\\\/archilaabogados.com\\\/#website\",\"url\":\"https:\\\/\\\/archilaabogados.com\\\/\",\"name\":\"Archila Abogados\",\"description\":\"Servicios legales\",\"potentialAction\":[{\"@type\":\"SearchAction\",\"target\":{\"@type\":\"EntryPoint\",\"urlTemplate\":\"https:\\\/\\\/archilaabogados.com\\\/?s={search_term_string}\"},\"query-input\":{\"@type\":\"PropertyValueSpecification\",\"valueRequired\":true,\"valueName\":\"search_term_string\"}}],\"inLanguage\":\"en-US\"}]}<\/script>\n<!-- \/ Yoast SEO plugin. -->","yoast_head_json":{"title":"Jessica Solano Pineda - Archila Abogados","robots":{"index":"index","follow":"follow","max-snippet":"max-snippet:-1","max-image-preview":"max-image-preview:large","max-video-preview":"max-video-preview:-1"},"canonical":"https:\/\/archilaabogados.com\/en\/jessica-solano-pineda\/","og_locale":"en_US","og_type":"article","og_title":"Jessica Solano Pineda - Archila Abogados","og_description":"Jessica Solano Pineda EDUCACI\u00d3N EXPERIENCIA CONTACTO EDUCACI\u00d3N Abogado \u2013 Universidad de Cartagena Especializaci\u00f3n \u2013 Derecho P\u00fablico \u2013 Universidad Externado de Colombia Maestr\u00eda (En curso) en Justicia y Tutela de los Derechos con \u00e9nfasis en Derecho Procesal &#8211; Universidad Externado de Colombia EXPERIENCIA Banco Falabella S.A. \u2013 Abogada senior \u00e1rea de PQR\u2019s jur\u00eddicos Ustariz &amp; Abogados-...","og_url":"https:\/\/archilaabogados.com\/en\/jessica-solano-pineda\/","og_site_name":"Archila Abogados","article_modified_time":"2022-07-27T16:31:19+00:00","og_image":[{"url":"http:\/\/archilaabogados.com\/wp-content\/uploads\/2022\/07\/Jessica-1024x410.jpg","type":"","width":"","height":""}],"twitter_card":"summary_large_image","twitter_misc":{"Est. reading time":"2 minutes"},"schema":{"@context":"https:\/\/schema.org","@graph":[{"@type":"WebPage","@id":"https:\/\/archilaabogados.com\/jessica-solano-pineda\/","url":"https:\/\/archilaabogados.com\/jessica-solano-pineda\/","name":"Jessica Solano Pineda - Archila Abogados","isPartOf":{"@id":"https:\/\/archilaabogados.com\/#website"},"primaryImageOfPage":{"@id":"https:\/\/archilaabogados.com\/jessica-solano-pineda\/#primaryimage"},"image":{"@id":"https:\/\/archilaabogados.com\/jessica-solano-pineda\/#primaryimage"},"thumbnailUrl":"http:\/\/archilaabogados.com\/wp-content\/uploads\/2022\/07\/Jessica-1024x410.jpg","datePublished":"2022-06-29T05:19:44+00:00","dateModified":"2022-07-27T16:31:19+00:00","breadcrumb":{"@id":"https:\/\/archilaabogados.com\/jessica-solano-pineda\/#breadcrumb"},"inLanguage":"en-US","potentialAction":[{"@type":"ReadAction","target":["https:\/\/archilaabogados.com\/jessica-solano-pineda\/"]}]},{"@type":"ImageObject","inLanguage":"en-US","@id":"https:\/\/archilaabogados.com\/jessica-solano-pineda\/#primaryimage","url":"http:\/\/archilaabogados.com\/wp-content\/uploads\/2022\/07\/Jessica-1024x410.jpg","contentUrl":"http:\/\/archilaabogados.com\/wp-content\/uploads\/2022\/07\/Jessica-1024x410.jpg"},{"@type":"BreadcrumbList","@id":"https:\/\/archilaabogados.com\/jessica-solano-pineda\/#breadcrumb","itemListElement":[{"@type":"ListItem","position":1,"name":"Home","item":"https:\/\/archilaabogados.com\/"},{"@type":"ListItem","position":2,"name":"Jessica Solano Pineda"}]},{"@type":"WebSite","@id":"https:\/\/archilaabogados.com\/#website","url":"https:\/\/archilaabogados.com\/","name":"Archila Abogados","description":"Servicios legales","potentialAction":[{"@type":"SearchAction","target":{"@type":"EntryPoint","urlTemplate":"https:\/\/archilaabogados.com\/?s={search_term_string}"},"query-input":{"@type":"PropertyValueSpecification","valueRequired":true,"valueName":"search_term_string"}}],"inLanguage":"en-US"}]}},"_links":{"self":[{"href":"https:\/\/archilaabogados.com\/en\/wp-json\/wp\/v2\/pages\/2795","targetHints":{"allow":["GET"]}}],"collection":[{"href":"https:\/\/archilaabogados.com\/en\/wp-json\/wp\/v2\/pages"}],"about":[{"href":"https:\/\/archilaabogados.com\/en\/wp-json\/wp\/v2\/types\/page"}],"author":[{"embeddable":true,"href":"https:\/\/archilaabogados.com\/en\/wp-json\/wp\/v2\/users\/1"}],"replies":[{"embeddable":true,"href":"https:\/\/archilaabogados.com\/en\/wp-json\/wp\/v2\/comments?post=2795"}],"version-history":[{"count":5,"href":"https:\/\/archilaabogados.com\/en\/wp-json\/wp\/v2\/pages\/2795\/revisions"}],"predecessor-version":[{"id":3841,"href":"https:\/\/archilaabogados.com\/en\/wp-json\/wp\/v2\/pages\/2795\/revisions\/3841"}],"wp:attachment":[{"href":"https:\/\/archilaabogados.com\/en\/wp-json\/wp\/v2\/media?parent=2795"}],"curies":[{"name":"wp","href":"https:\/\/api.w.org\/{rel}","templated":true}]}}