{"id":4502,"date":"2024-03-01T16:19:29","date_gmt":"2024-03-01T16:19:29","guid":{"rendered":"https:\/\/archilaabogados.com\/?page_id=4502"},"modified":"2024-03-01T16:21:31","modified_gmt":"2024-03-01T16:21:31","slug":"litigios-arbitraje","status":"publish","type":"page","link":"https:\/\/archilaabogados.com\/en\/litigios-arbitraje\/","title":{"rendered":"Litigios y arbitraje"},"content":{"rendered":"<div data-elementor-type=\"wp-page\" data-elementor-id=\"4502\" class=\"elementor elementor-4502\" data-elementor-post-type=\"page\">\n\t\t\t\t\t\t<section class=\"elementor-section elementor-top-section elementor-element elementor-element-5dafb16 elementor-section-boxed elementor-section-height-default elementor-section-height-default\" data-id=\"5dafb16\" data-element_type=\"section\" data-e-type=\"section\" data-settings=\"{&quot;background_background&quot;:&quot;gradient&quot;}\">\n\t\t\t\t\t\t\t<div class=\"elementor-background-overlay\"><\/div>\n\t\t\t\t\t\t\t<div class=\"elementor-container elementor-column-gap-default\">\n\t\t\t\t\t<div class=\"elementor-column elementor-col-100 elementor-top-column elementor-element elementor-element-65007d1\" data-id=\"65007d1\" data-element_type=\"column\" data-e-type=\"column\" data-settings=\"{&quot;background_background&quot;:&quot;classic&quot;}\">\n\t\t\t<div class=\"elementor-widget-wrap elementor-element-populated\">\n\t\t\t\t\t\t<div class=\"elementor-element elementor-element-0106607 elementor--h-position-center elementor--v-position-middle elementor-widget elementor-widget-slides\" data-id=\"0106607\" data-element_type=\"widget\" data-e-type=\"widget\" data-settings=\"{&quot;navigation&quot;:&quot;none&quot;,&quot;transition&quot;:&quot;slide&quot;,&quot;transition_speed&quot;:500}\" data-widget_type=\"slides.default\">\n\t\t\t\t<div class=\"elementor-widget-container\">\n\t\t\t\t\t\t\t<div class=\"elementor-swiper\">\n\t\t\t<div class=\"elementor-slides-wrapper elementor-main-swiper swiper-container\" dir=\"ltr\" data-animation=\"\">\n\t\t\t\t<div class=\"swiper-wrapper elementor-slides\">\n\t\t\t\t\t\t\t\t\t\t<div class=\"elementor-repeater-item-17db268 swiper-slide\"><div class=\"swiper-slide-bg\" role=\"img\"><\/div><div class=\"swiper-slide-inner\" ><div class=\"swiper-slide-contents\"><div class=\"elementor-slide-heading\">Litigios y arbitraje<\/div><\/div><\/div><\/div>\t\t\t\t<\/div>\n\t\t\t\t\t\t\t<\/div>\n\t\t<\/div>\n\t\t\t\t\t\t<\/div>\n\t\t\t\t<\/div>\n\t\t\t\t\t<\/div>\n\t\t<\/div>\n\t\t\t\t\t<\/div>\n\t\t<\/section>\n\t\t\t\t<section class=\"elementor-section elementor-top-section elementor-element elementor-element-16a0495 elementor-section-content-middle elementor-section-boxed elementor-section-height-default elementor-section-height-default\" data-id=\"16a0495\" data-element_type=\"section\" data-e-type=\"section\" data-settings=\"{&quot;background_background&quot;:&quot;classic&quot;}\">\n\t\t\t\t\t\t<div class=\"elementor-container elementor-column-gap-no\">\n\t\t\t\t\t<div class=\"elementor-column elementor-col-100 elementor-top-column elementor-element elementor-element-46a7ba38\" data-id=\"46a7ba38\" data-element_type=\"column\" data-e-type=\"column\">\n\t\t\t<div class=\"elementor-widget-wrap elementor-element-populated\">\n\t\t\t\t\t\t<div class=\"elementor-element elementor-element-320f26d elementor-widget elementor-widget-text-editor\" data-id=\"320f26d\" data-element_type=\"widget\" data-e-type=\"widget\" data-widget_type=\"text-editor.default\">\n\t\t\t\t<div class=\"elementor-widget-container\">\n\t\t\t\t\t\t\t\t\t<div>Contamos con con experiencia en diferentes sectores de la econom\u00eda, tales como financiero, petr\u00f3leo y gas, seguros, infraestructura, log\u00edstica, automotriz, entre otros; todos ellos relacionados con controversias en derecho comercial, societario, consumo, competencia, seguros, financiero, contractual, responsabilidad civil, propiedad intelectual y contrataci\u00f3n estatal. Los servicios comprenden asesor\u00eda y representaci\u00f3n en los siguientes asuntos:<br \/><br \/><\/div><div>1. Derecho civil, comercial y societario.<\/div><div>2. Contrataci\u00f3n estatal e infraestructura.<\/div><div>3. Responsabilidad civil contractual y extracontractual.<\/div><div>4. Derecho financiero y de seguros.<\/div><div>5. Propiedad industrial e intelectual.<\/div><div>6. Competencia desleal y pr\u00e1cticas comerciales restrictivas.<\/div><div>7. Acciones de protecci\u00f3n al consumo.<\/div><div>8. Acciones populares y de grupo.<\/div><div>9. Procesos arbitrales.<\/div><div>10. Anulaci\u00f3n de laudos arbitrales.<\/div><div>11. Reconocimiento y ejecuci\u00f3n de laudos arbitrales en Colombia.\u00a0 \u00a0<\/div><div>10. Amigables composiciones<\/div>\t\t\t\t\t\t\t\t<\/div>\n\t\t\t\t<\/div>\n\t\t\t\t<div class=\"elementor-element elementor-element-a1995c8 elementor-widget elementor-widget-spacer\" data-id=\"a1995c8\" data-element_type=\"widget\" data-e-type=\"widget\" data-widget_type=\"spacer.default\">\n\t\t\t\t<div class=\"elementor-widget-container\">\n\t\t\t\t\t\t\t<div class=\"elementor-spacer\">\n\t\t\t<div class=\"elementor-spacer-inner\"><\/div>\n\t\t<\/div>\n\t\t\t\t\t\t<\/div>\n\t\t\t\t<\/div>\n\t\t\t\t<div class=\"elementor-element elementor-element-bc37526 elementor-align-left elementor-widget elementor-widget-button\" data-id=\"bc37526\" data-element_type=\"widget\" data-e-type=\"widget\" data-widget_type=\"button.default\">\n\t\t\t\t<div class=\"elementor-widget-container\">\n\t\t\t\t\t\t\t\t\t<div class=\"elementor-button-wrapper\">\n\t\t\t\t\t<a class=\"elementor-button elementor-button-link elementor-size-md\" href=\"https:\/\/archilaabogados.com\/en\/servicios\/\">\n\t\t\t\t\t\t<span class=\"elementor-button-content-wrapper\">\n\t\t\t\t\t\t<span class=\"elementor-button-icon\">\n\t\t\t\t<i aria-hidden=\"true\" class=\"far fa-arrow-alt-circle-right\"><\/i>\t\t\t<\/span>\n\t\t\t\t\t\t\t\t\t<span class=\"elementor-button-text\">VOLVER A SERVICIOS<\/span>\n\t\t\t\t\t<\/span>\n\t\t\t\t\t<\/a>\n\t\t\t\t<\/div>\n\t\t\t\t\t\t\t\t<\/div>\n\t\t\t\t<\/div>\n\t\t\t\t\t<\/div>\n\t\t<\/div>\n\t\t\t\t\t<\/div>\n\t\t<\/section>\n\t\t\t\t<\/div>","protected":false},"excerpt":{"rendered":"<p>Litigios y arbitraje Contamos con con experiencia en diferentes sectores de la econom\u00eda, tales como financiero, petr\u00f3leo y gas, seguros, infraestructura, log\u00edstica, automotriz, entre otros; todos ellos relacionados con controversias en derecho comercial, societario, consumo, competencia, seguros, financiero, contractual, responsabilidad civil, propiedad intelectual y contrataci\u00f3n estatal. Los servicios comprenden asesor\u00eda y representaci\u00f3n en los siguientes&#8230;<\/p>","protected":false},"author":1,"featured_media":0,"parent":0,"menu_order":0,"comment_status":"closed","ping_status":"closed","template":"","meta":{"_kad_post_transparent":"","_kad_post_title":"hide","_kad_post_layout":"fullwidth","_kad_post_sidebar_id":"","_kad_post_content_style":"unboxed","_kad_post_vertical_padding":"hide","_kad_post_feature":"hide","_kad_post_feature_position":"","_kad_post_header":false,"_kad_post_footer":false,"footnotes":""},"class_list":["post-4502","page","type-page","status-publish","hentry"],"yoast_head":"<!-- This site is optimized with the Yoast SEO plugin v27.4 - https:\/\/yoast.com\/product\/yoast-seo-wordpress\/ -->\n<title>Litigios y arbitraje - Archila Abogados<\/title>\n<meta name=\"robots\" content=\"index, follow, max-snippet:-1, max-image-preview:large, max-video-preview:-1\" \/>\n<link rel=\"canonical\" href=\"https:\/\/archilaabogados.com\/en\/litigios-arbitraje\/\" \/>\n<meta property=\"og:locale\" content=\"en_US\" \/>\n<meta property=\"og:type\" content=\"article\" \/>\n<meta property=\"og:title\" content=\"Litigios y arbitraje - Archila Abogados\" \/>\n<meta property=\"og:description\" content=\"Litigios y arbitraje Contamos con con experiencia en diferentes sectores de la econom\u00eda, tales como financiero, petr\u00f3leo y gas, seguros, infraestructura, log\u00edstica, automotriz, entre otros; todos ellos relacionados con controversias en derecho comercial, societario, consumo, competencia, seguros, financiero, contractual, responsabilidad civil, propiedad intelectual y contrataci\u00f3n estatal. Los servicios comprenden asesor\u00eda y representaci\u00f3n en los siguientes...\" \/>\n<meta property=\"og:url\" content=\"https:\/\/archilaabogados.com\/en\/litigios-arbitraje\/\" \/>\n<meta property=\"og:site_name\" content=\"Archila Abogados\" \/>\n<meta property=\"article:modified_time\" content=\"2024-03-01T16:21:31+00:00\" \/>\n<meta name=\"twitter:card\" content=\"summary_large_image\" \/>\n<meta name=\"twitter:label1\" content=\"Est. reading time\" \/>\n\t<meta name=\"twitter:data1\" content=\"1 minute\" \/>\n<script type=\"application\/ld+json\" class=\"yoast-schema-graph\">{\"@context\":\"https:\\\/\\\/schema.org\",\"@graph\":[{\"@type\":\"WebPage\",\"@id\":\"https:\\\/\\\/archilaabogados.com\\\/litigios-arbitraje\\\/\",\"url\":\"https:\\\/\\\/archilaabogados.com\\\/litigios-arbitraje\\\/\",\"name\":\"Litigios y arbitraje - Archila Abogados\",\"isPartOf\":{\"@id\":\"https:\\\/\\\/archilaabogados.com\\\/#website\"},\"datePublished\":\"2024-03-01T16:19:29+00:00\",\"dateModified\":\"2024-03-01T16:21:31+00:00\",\"breadcrumb\":{\"@id\":\"https:\\\/\\\/archilaabogados.com\\\/litigios-arbitraje\\\/#breadcrumb\"},\"inLanguage\":\"en-US\",\"potentialAction\":[{\"@type\":\"ReadAction\",\"target\":[\"https:\\\/\\\/archilaabogados.com\\\/litigios-arbitraje\\\/\"]}]},{\"@type\":\"BreadcrumbList\",\"@id\":\"https:\\\/\\\/archilaabogados.com\\\/litigios-arbitraje\\\/#breadcrumb\",\"itemListElement\":[{\"@type\":\"ListItem\",\"position\":1,\"name\":\"Home\",\"item\":\"https:\\\/\\\/archilaabogados.com\\\/\"},{\"@type\":\"ListItem\",\"position\":2,\"name\":\"Litigios y arbitraje\"}]},{\"@type\":\"WebSite\",\"@id\":\"https:\\\/\\\/archilaabogados.com\\\/#website\",\"url\":\"https:\\\/\\\/archilaabogados.com\\\/\",\"name\":\"Archila Abogados\",\"description\":\"Servicios legales\",\"potentialAction\":[{\"@type\":\"SearchAction\",\"target\":{\"@type\":\"EntryPoint\",\"urlTemplate\":\"https:\\\/\\\/archilaabogados.com\\\/?s={search_term_string}\"},\"query-input\":{\"@type\":\"PropertyValueSpecification\",\"valueRequired\":true,\"valueName\":\"search_term_string\"}}],\"inLanguage\":\"en-US\"}]}<\/script>\n<!-- \/ Yoast SEO plugin. -->","yoast_head_json":{"title":"Litigios y arbitraje - Archila Abogados","robots":{"index":"index","follow":"follow","max-snippet":"max-snippet:-1","max-image-preview":"max-image-preview:large","max-video-preview":"max-video-preview:-1"},"canonical":"https:\/\/archilaabogados.com\/en\/litigios-arbitraje\/","og_locale":"en_US","og_type":"article","og_title":"Litigios y arbitraje - Archila Abogados","og_description":"Litigios y arbitraje Contamos con con experiencia en diferentes sectores de la econom\u00eda, tales como financiero, petr\u00f3leo y gas, seguros, infraestructura, log\u00edstica, automotriz, entre otros; todos ellos relacionados con controversias en derecho comercial, societario, consumo, competencia, seguros, financiero, contractual, responsabilidad civil, propiedad intelectual y contrataci\u00f3n estatal. Los servicios comprenden asesor\u00eda y representaci\u00f3n en los siguientes...","og_url":"https:\/\/archilaabogados.com\/en\/litigios-arbitraje\/","og_site_name":"Archila Abogados","article_modified_time":"2024-03-01T16:21:31+00:00","twitter_card":"summary_large_image","twitter_misc":{"Est. reading time":"1 minute"},"schema":{"@context":"https:\/\/schema.org","@graph":[{"@type":"WebPage","@id":"https:\/\/archilaabogados.com\/litigios-arbitraje\/","url":"https:\/\/archilaabogados.com\/litigios-arbitraje\/","name":"Litigios y arbitraje - Archila Abogados","isPartOf":{"@id":"https:\/\/archilaabogados.com\/#website"},"datePublished":"2024-03-01T16:19:29+00:00","dateModified":"2024-03-01T16:21:31+00:00","breadcrumb":{"@id":"https:\/\/archilaabogados.com\/litigios-arbitraje\/#breadcrumb"},"inLanguage":"en-US","potentialAction":[{"@type":"ReadAction","target":["https:\/\/archilaabogados.com\/litigios-arbitraje\/"]}]},{"@type":"BreadcrumbList","@id":"https:\/\/archilaabogados.com\/litigios-arbitraje\/#breadcrumb","itemListElement":[{"@type":"ListItem","position":1,"name":"Home","item":"https:\/\/archilaabogados.com\/"},{"@type":"ListItem","position":2,"name":"Litigios y arbitraje"}]},{"@type":"WebSite","@id":"https:\/\/archilaabogados.com\/#website","url":"https:\/\/archilaabogados.com\/","name":"Archila Abogados","description":"Servicios legales","potentialAction":[{"@type":"SearchAction","target":{"@type":"EntryPoint","urlTemplate":"https:\/\/archilaabogados.com\/?s={search_term_string}"},"query-input":{"@type":"PropertyValueSpecification","valueRequired":true,"valueName":"search_term_string"}}],"inLanguage":"en-US"}]}},"_links":{"self":[{"href":"https:\/\/archilaabogados.com\/en\/wp-json\/wp\/v2\/pages\/4502","targetHints":{"allow":["GET"]}}],"collection":[{"href":"https:\/\/archilaabogados.com\/en\/wp-json\/wp\/v2\/pages"}],"about":[{"href":"https:\/\/archilaabogados.com\/en\/wp-json\/wp\/v2\/types\/page"}],"author":[{"embeddable":true,"href":"https:\/\/archilaabogados.com\/en\/wp-json\/wp\/v2\/users\/1"}],"replies":[{"embeddable":true,"href":"https:\/\/archilaabogados.com\/en\/wp-json\/wp\/v2\/comments?post=4502"}],"version-history":[{"count":4,"href":"https:\/\/archilaabogados.com\/en\/wp-json\/wp\/v2\/pages\/4502\/revisions"}],"predecessor-version":[{"id":4506,"href":"https:\/\/archilaabogados.com\/en\/wp-json\/wp\/v2\/pages\/4502\/revisions\/4506"}],"wp:attachment":[{"href":"https:\/\/archilaabogados.com\/en\/wp-json\/wp\/v2\/media?parent=4502"}],"curies":[{"name":"wp","href":"https:\/\/api.w.org\/{rel}","templated":true}]}}